{"id":2,"date":"2025-07-12T06:15:30","date_gmt":"2025-07-12T06:15:30","guid":{"rendered":"https:\/\/xn--eri-gallery-pnb.art\/?page_id=2"},"modified":"2025-07-22T06:34:51","modified_gmt":"2025-07-22T06:34:51","slug":"sample-page","status":"publish","type":"page","link":"https:\/\/xn--eri-gallery-pnb.art\/","title":{"rendered":"Sample Page"},"content":{"rendered":"\n<p class=\"has-text-align-center\">Prizadevamo si za vzgojo v umetnosti, ki predstavlja sistemati\u010dno u\u010denje spretnosti in znanj, na\u010dinov mi\u0161ljenja ter prikaz razli\u010dnih umetni\u0161kih form (glasbenih, likovnih, vizualnih, plesnih, gledali\u0161kih,\u2026), s \u010dimer je mogo\u010de dose\u010di izbolj\u0161anje posameznikovega odnosa do izobra\u017eevanja in umetni\u0161kih vrednot, pove\u010danje njegove kulturne identitete ter izbolj\u0161anje ob\u010dutka osebnega zadovoljstva in po\u010dutja.<\/p>\n\n\n\n<p class=\"has-text-align-center\">Interdisciplinarne povezave umetnosti, glasbe in kulture z drugimi podro\u010dji omogo\u010dajo \u0161iroko razgledanost na razli\u010dnih kulturnih, umetni\u0161kih in znanstvenih podro\u010djih. Otrokom odpiramo \u0161irino kulturnih potreb, jih osve\u0161\u010damo za umetni\u0161ke vrednote in ekologijo zvo\u010dnega okolja ter pri tem vzpodbujamo kriti\u010dnost in estetsko ob\u010dutljivost.<\/p>\n\n\n\n<p class=\"has-text-align-center\">Izpopolnjujemo kulturno in socialno \u017eivljenje ter oblikujemo zdravo zvo\u010dno in umetni\u0161ko okolje. S svojo odprtostjo in jezikom vna\u0161amo spro\u0161\u010deno komunikacijo in spodbujamo samodisciplino, ustvarjalnost, estetsko ob\u010dutljivost, umetni\u0161ko izra\u017eanje ter sodelovanje v o\u017ejem in \u0161ir\u0161em dru\u017ebenem okolju.<br>Vzgajamo z umetnostjo, pri tem uporabljamo kreativne, izvirne in avtorske pristope, tako spodbujamo spretnosti in znanja posameznika skozi umetnostno in kulturno izobra\u017eevanje.<\/p>\n\n\n\n<p class=\"has-text-align-center\">Prostori Umetni\u0161ke \u0160ole in Galerije Eri\u010d bodo namenjeni razstavam, delavnicam, likovnim kolonijam, koncertom, literarnim in drugim interdisciplinarnim kulturnim dogodkom ter sodelovanjem.<\/p>\n\n\n\n<p><\/p>\n","protected":false},"excerpt":{"rendered":"<p>Prizadevamo si za vzgojo v umetnosti, ki predstavlja sistemati\u010dno u\u010denje spretnosti in znanj, na\u010dinov mi\u0161ljenja ter prikaz razli\u010dnih umetni\u0161kih form (glasbenih, likovnih, vizualnih, plesnih, gledali\u0161kih,\u2026), s \u010dimer je mogo\u010de dose\u010di izbolj\u0161anje posameznikovega odnosa do izobra\u017eevanja in umetni\u0161kih vrednot, pove\u010danje njegove kulturne identitete ter izbolj\u0161anje ob\u010dutka osebnega zadovoljstva in po\u010dutja. Interdisciplinarne [&hellip;]<\/p>\n","protected":false},"author":1,"featured_media":82,"parent":0,"menu_order":0,"comment_status":"closed","ping_status":"open","template":"","meta":{"_themeisle_gutenberg_block_has_review":false,"footnotes":""},"class_list":["post-2","page","type-page","status-publish","has-post-thumbnail","hentry"],"_links":{"self":[{"href":"https:\/\/xn--eri-gallery-pnb.art\/index.php?rest_route=\/wp\/v2\/pages\/2","targetHints":{"allow":["GET"]}}],"collection":[{"href":"https:\/\/xn--eri-gallery-pnb.art\/index.php?rest_route=\/wp\/v2\/pages"}],"about":[{"href":"https:\/\/xn--eri-gallery-pnb.art\/index.php?rest_route=\/wp\/v2\/types\/page"}],"author":[{"embeddable":true,"href":"https:\/\/xn--eri-gallery-pnb.art\/index.php?rest_route=\/wp\/v2\/users\/1"}],"replies":[{"embeddable":true,"href":"https:\/\/xn--eri-gallery-pnb.art\/index.php?rest_route=%2Fwp%2Fv2%2Fcomments&post=2"}],"version-history":[{"count":1,"href":"https:\/\/xn--eri-gallery-pnb.art\/index.php?rest_route=\/wp\/v2\/pages\/2\/revisions"}],"predecessor-version":[{"id":81,"href":"https:\/\/xn--eri-gallery-pnb.art\/index.php?rest_route=\/wp\/v2\/pages\/2\/revisions\/81"}],"wp:featuredmedia":[{"embeddable":true,"href":"https:\/\/xn--eri-gallery-pnb.art\/index.php?rest_route=\/wp\/v2\/media\/82"}],"wp:attachment":[{"href":"https:\/\/xn--eri-gallery-pnb.art\/index.php?rest_route=%2Fwp%2Fv2%2Fmedia&parent=2"}],"curies":[{"name":"wp","href":"https:\/\/api.w.org\/{rel}","templated":true}]}}