{"id":46,"date":"2025-07-16T14:10:44","date_gmt":"2025-07-16T14:10:44","guid":{"rendered":"https:\/\/xn--eri-gallery-pnb.art\/?page_id=46"},"modified":"2025-11-14T13:53:57","modified_gmt":"2025-11-14T13:53:57","slug":"contact","status":"publish","type":"page","link":"https:\/\/xn--eri-gallery-pnb.art\/?page_id=46","title":{"rendered":"KONTAKT"},"content":{"rendered":"\n<div class=\"wp-block-columns alignfull is-layout-flex wp-container-core-columns-is-layout-28f84493 wp-block-columns-is-layout-flex\">\n<div class=\"wp-block-column is-layout-flow wp-block-column-is-layout-flow\">\n<p><\/p>\n<\/div>\n<\/div>\n\n\n\n<div class=\"wp-block-columns container is-layout-flex wp-container-core-columns-is-layout-28f84493 wp-block-columns-is-layout-flex\">\n<div class=\"wp-block-column is-vertically-aligned-center is-layout-flow wp-block-column-is-layout-flow\">\n<h2 class=\"wp-block-heading hestia-title\">Send us a message<\/h2>\n\n\n\n<div style=\"height:40px\" aria-hidden=\"true\" class=\"wp-block-spacer\"><\/div>\n\n\n\n<div class=\"contact-wrapper\">\n\t\t\t\t\t\t\t\t\t\t\t\t\t\t\t\t\t\t\t<div class=\"content\">\n\t\t\t\n\t\t\t  <form>\n\t\t\t   <div class=\"form-group\">\n\t\t\t    <input type=\"text\" id=\"fname\" name=\"firstname\" placeholder=\"Your name..\">\n\t\t\t<\/div>\n\t\t\t<div class=\"form-group\">\n\t\t\t    <input type=\"text\" id=\"lname\" name=\"lastname\" placeholder=\"Your last name..\">\n\t\t\t<\/div>\n\t\t\t<div class=\"form-group\">\n\t\t\t    <textarea id=\"subject\" name=\"subject\" placeholder=\"Write something..\" style=\"height:200px\"><\/textarea>\n\t\t\t<\/div>\n\t\t\t    <input type=\"submit\" value=\"Submit\">\n\t\t\t\n\t\t\t  <\/form>\n\t\t\t<\/div>\n\t\t\t<\/div>\n<\/div>\n\n\n\n<div class=\"wp-block-column is-vertically-aligned-center is-layout-flow wp-block-column-is-layout-flow\">\n<div class=\"wp-block-columns is-layout-flex wp-container-core-columns-is-layout-28f84493 wp-block-columns-is-layout-flex\">\n<div class=\"wp-block-column is-layout-flow wp-block-column-is-layout-flow\"><\/div>\n\n\n\n<div class=\"wp-block-column is-layout-flow wp-block-column-is-layout-flow\" style=\"flex-basis:50%\">\n<h4 class=\"wp-block-heading has-text-align-left hestia-title has-text-color\" style=\"color:#3c4858;font-size:18px\"><img decoding=\"async\" class=\"wp-image-86\" style=\"width: 25px;\" src=\"https:\/\/xn--eri-gallery-pnb.art\/wp-content\/themes\/hestia\/assets\/img\/contact1.png\" alt=\"Map icon\"> <strong>OBI\u0160\u010cITE NAS<\/strong><\/h4>\n\n\n\n<p class=\"has-text-align-left has-text-color\" style=\"color:#999999;font-size:14px\">ULICA MESTA GREVENBROICH 9<br>3000 CELJE<br>SLOVENIJA<\/p>\n\n\n\n<p class=\"has-text-align-left has-text-color\" style=\"color:#999999;font-size:14px\">Delovni \u010das:<br>PON. -SRE. od 9.00 &#8211; 13.00h<br>\u010cET. od 16.00 &#8211; 20.00h<br><\/p>\n\n\n\n<div style=\"height:40px\" aria-hidden=\"true\" class=\"wp-block-spacer\"><\/div>\n\n\n\n<h4 class=\"wp-block-heading has-text-align-left hestia-title has-text-color\" style=\"color:#3c4858;font-size:18px\"><img decoding=\"async\" class=\"wp-image-98\" style=\"width: 25px;\" src=\"https:\/\/xn--eri-gallery-pnb.art\/wp-content\/themes\/hestia\/assets\/img\/contact2.png\" alt=\"\"> Pokli\u010dite nas<\/h4>\n\n\n\n<p class=\"has-text-align-left has-text-color\" style=\"color:#999999;font-size:14px\">mag. Natalija \u0160epul Eri\u010d<br>+386 40 133 718<br>Mon &#8211; Fri, 9:00-19:00<\/p>\n\n\n\n<div style=\"height:40px\" aria-hidden=\"true\" class=\"wp-block-spacer\"><\/div>\n\n\n\n<h4 class=\"wp-block-heading has-text-align-left hestia-title has-text-color\" style=\"color:#3c4858;font-size:18px\"><img decoding=\"async\" class=\"wp-image-105\" style=\"width: 25px;\" src=\"https:\/\/xn--eri-gallery-pnb.art\/wp-content\/themes\/hestia\/assets\/img\/contact3.png\" alt=\"\"><strong>  <\/strong>Pi\u0161ite nam<\/h4>\n\n\n\n<p class=\"has-text-align-left has-text-color\" style=\"color:#999999;font-size:14px\">umetnost.orbita@gmail.com<\/p>\n<\/div>\n\n\n\n<div class=\"wp-block-column is-layout-flow wp-block-column-is-layout-flow\"><\/div>\n<\/div>\n<\/div>\n<\/div>\n\n\n\n<p><\/p>\n","protected":false},"excerpt":{"rendered":"<p>Send us a message OBI\u0160\u010cITE NAS ULICA MESTA GREVENBROICH 93000 CELJESLOVENIJA Delovni \u010das:PON. -SRE. od 9.00 &#8211; 13.00h\u010cET. od 16.00 &#8211; 20.00h Pokli\u010dite nas mag. Natalija \u0160epul Eri\u010d+386 40 133 718Mon &#8211; Fri, 9:00-19:00 Pi\u0161ite nam umetnost.orbita@gmail.com<\/p>\n","protected":false},"author":1,"featured_media":78,"parent":0,"menu_order":0,"comment_status":"closed","ping_status":"closed","template":"page-templates\/template-pagebuilder-full-width.php","meta":{"_themeisle_gutenberg_block_has_review":false,"footnotes":""},"class_list":["post-46","page","type-page","status-publish","has-post-thumbnail","hentry"],"_links":{"self":[{"href":"https:\/\/xn--eri-gallery-pnb.art\/index.php?rest_route=\/wp\/v2\/pages\/46","targetHints":{"allow":["GET"]}}],"collection":[{"href":"https:\/\/xn--eri-gallery-pnb.art\/index.php?rest_route=\/wp\/v2\/pages"}],"about":[{"href":"https:\/\/xn--eri-gallery-pnb.art\/index.php?rest_route=\/wp\/v2\/types\/page"}],"author":[{"embeddable":true,"href":"https:\/\/xn--eri-gallery-pnb.art\/index.php?rest_route=\/wp\/v2\/users\/1"}],"replies":[{"embeddable":true,"href":"https:\/\/xn--eri-gallery-pnb.art\/index.php?rest_route=%2Fwp%2Fv2%2Fcomments&post=46"}],"version-history":[{"count":7,"href":"https:\/\/xn--eri-gallery-pnb.art\/index.php?rest_route=\/wp\/v2\/pages\/46\/revisions"}],"predecessor-version":[{"id":144,"href":"https:\/\/xn--eri-gallery-pnb.art\/index.php?rest_route=\/wp\/v2\/pages\/46\/revisions\/144"}],"wp:featuredmedia":[{"embeddable":true,"href":"https:\/\/xn--eri-gallery-pnb.art\/index.php?rest_route=\/wp\/v2\/media\/78"}],"wp:attachment":[{"href":"https:\/\/xn--eri-gallery-pnb.art\/index.php?rest_route=%2Fwp%2Fv2%2Fmedia&parent=46"}],"curies":[{"name":"wp","href":"https:\/\/api.w.org\/{rel}","templated":true}]}}